{"id":6210,"date":"2025-09-10T12:33:49","date_gmt":"2025-09-10T15:33:49","guid":{"rendered":"https:\/\/capeladoalto.com\/vagas\/?page_id=6210"},"modified":"2025-09-10T12:34:34","modified_gmt":"2025-09-10T15:34:34","slug":"politicas-de-privacidade","status":"publish","type":"page","link":"https:\/\/capeladoalto.com\/vagas\/politicas-de-privacidade\/","title":{"rendered":"Politicas de Privacidade"},"content":{"rendered":"\t\t<div data-elementor-type=\"wp-page\" data-elementor-id=\"6210\" class=\"elementor elementor-6210\" data-elementor-post-type=\"page\">\n\t\t\t\t<div class=\"elementor-element elementor-element-2bb3395 e-flex e-con-boxed e-con e-parent\" data-id=\"2bb3395\" data-element_type=\"container\" data-e-type=\"container\">\n\t\t\t\t\t<div class=\"e-con-inner\">\n\t\t\t\t<div class=\"elementor-element elementor-element-03366e0 elementor-widget elementor-widget-text-editor\" data-id=\"03366e0\" data-element_type=\"widget\" data-e-type=\"widget\" data-widget_type=\"text-editor.default\">\n\t\t\t\t\t\t\t\t\t<h3 data-start=\"142\" data-end=\"186\">Pol\u00edticas de Privacidade \u2013 capeladoalto.com<\/h3><p data-start=\"243\" data-end=\"400\">Bem-vindo ao <strong data-start=\"256\" data-end=\"276\">capeladoalto.com<\/strong>, um portal dedicado \u00e0 divulga\u00e7\u00e3o de empreendimentos locais, servi\u00e7os e oportunidades de emprego em Capela do Alto e regi\u00e3o.<\/p><p data-start=\"402\" data-end=\"631\">Ao acessar ou utilizar o nosso site, voc\u00ea concorda com os seguintes Termos de Uso e com esta Pol\u00edtica de Privacidade, incluindo as pr\u00e1ticas descritas de acordo com a <strong data-start=\"568\" data-end=\"630\">Lei Geral de Prote\u00e7\u00e3o de Dados (LGPD \u2013 Lei n\u00ba 13.709\/2018)<\/strong>.<\/p><h4>1. Coleta de Informa\u00e7\u00f5es<\/h4><p data-start=\"462\" data-end=\"503\">Podemos coletar as seguintes informa\u00e7\u00f5es:<\/p><ul data-start=\"505\" data-end=\"844\"><li data-start=\"505\" data-end=\"719\"><p data-start=\"507\" data-end=\"719\"><strong data-start=\"507\" data-end=\"547\">Informa\u00e7\u00f5es fornecidas pelo usu\u00e1rio:<\/strong> Nome, e-mail, telefone, informa\u00e7\u00f5es comerciais (no caso de cadastros de empreendimentos) e informa\u00e7\u00f5es profissionais (no caso de an\u00fancios de vagas).<\/p><\/li><li data-start=\"720\" data-end=\"844\"><p data-start=\"722\" data-end=\"844\"><strong data-start=\"722\" data-end=\"751\">Informa\u00e7\u00f5es de navega\u00e7\u00e3o:<\/strong> Cookies, endere\u00e7o IP, localiza\u00e7\u00e3o aproximada, tipo de navegador e p\u00e1ginas acessadas no site.<\/p><\/li><\/ul><h4 data-start=\"846\" data-end=\"871\">2. Uso das Informa\u00e7\u00f5es<\/h4><p data-start=\"873\" data-end=\"920\">As informa\u00e7\u00f5es coletadas podem ser usadas para:<\/p><ul data-start=\"922\" data-end=\"1252\"><li data-start=\"922\" data-end=\"989\"><p data-start=\"924\" data-end=\"989\">Publica\u00e7\u00e3o de an\u00fancios de empresas, servi\u00e7os ou vagas de emprego.<\/p><\/li><li data-start=\"990\" data-end=\"1053\"><p data-start=\"992\" data-end=\"1053\">Contato direto com os anunciantes (empresas ou empregadores).<\/p><\/li><li data-start=\"1054\" data-end=\"1160\"><p data-start=\"1056\" data-end=\"1160\">Envio de comunica\u00e7\u00f5es importantes sobre o site ou sobre atualiza\u00e7\u00f5es relacionadas ao servi\u00e7o contratado.<\/p><\/li><li data-start=\"1161\" data-end=\"1205\"><p data-start=\"1163\" data-end=\"1205\">Melhorar a experi\u00eancia do usu\u00e1rio no site.<\/p><\/li><li data-start=\"1206\" data-end=\"1252\"><p data-start=\"1208\" data-end=\"1252\">An\u00e1lises internas sobre o uso da plataforma.<\/p><\/li><\/ul><p data-start=\"1254\" data-end=\"1340\"><strong data-start=\"1254\" data-end=\"1269\">Importante:<\/strong> N\u00e3o vendemos, trocamos ou alugamos seus dados pessoais para terceiros.<\/p><h4 data-start=\"1342\" data-end=\"1379\">3. Compartilhamento de Informa\u00e7\u00f5es<\/h4><p data-start=\"1381\" data-end=\"1456\">As informa\u00e7\u00f5es dos usu\u00e1rios s\u00f3 ser\u00e3o compartilhadas quando necess\u00e1rio para:<\/p><ul data-start=\"1458\" data-end=\"1715\"><li data-start=\"1458\" data-end=\"1486\"><p data-start=\"1460\" data-end=\"1486\">Cumprir obriga\u00e7\u00f5es legais.<\/p><\/li><li data-start=\"1487\" data-end=\"1628\"><p data-start=\"1489\" data-end=\"1628\">Atender solicita\u00e7\u00f5es feitas pelos pr\u00f3prios usu\u00e1rios (exemplo: quando algu\u00e9m se candidata a uma vaga ou entra em contato com um anunciante).<\/p><\/li><li data-start=\"1629\" data-end=\"1715\"><p data-start=\"1631\" data-end=\"1715\">Melhorar os servi\u00e7os oferecidos (exemplo: uso de ferramentas de an\u00e1lise de tr\u00e1fego).<\/p><\/li><\/ul><h4 data-start=\"1717\" data-end=\"1760\">4. Cookies e Tecnologias de Rastreamento<\/h4><p data-start=\"1762\" data-end=\"1786\">Utilizamos cookies para:<\/p><ul data-start=\"1788\" data-end=\"1897\"><li data-start=\"1788\" data-end=\"1823\"><p data-start=\"1790\" data-end=\"1823\">Melhorar o funcionamento do site.<\/p><\/li><li data-start=\"1824\" data-end=\"1856\"><p data-start=\"1826\" data-end=\"1856\">Analisar padr\u00f5es de navega\u00e7\u00e3o.<\/p><\/li><li data-start=\"1857\" data-end=\"1897\"><p data-start=\"1859\" data-end=\"1897\">Personalizar a experi\u00eancia do usu\u00e1rio.<\/p><\/li><\/ul><p data-start=\"1899\" data-end=\"2029\">Voc\u00ea pode desativar os cookies nas configura\u00e7\u00f5es do seu navegador, mas isso pode afetar a funcionalidade de algumas \u00e1reas do site.<\/p><h4 data-start=\"2031\" data-end=\"2046\">5. Seguran\u00e7a<\/h4><p data-start=\"2048\" data-end=\"2187\">Adotamos medidas de seguran\u00e7a adequadas para proteger suas informa\u00e7\u00f5es contra acessos n\u00e3o autorizados, altera\u00e7\u00e3o, divulga\u00e7\u00e3o ou destrui\u00e7\u00e3o.<\/p><p data-start=\"2189\" data-end=\"2399\">No entanto, \u00e9 importante lembrar que <strong data-start=\"2226\" data-end=\"2301\">nenhum sistema de transmiss\u00e3o ou armazenamento eletr\u00f4nico \u00e9 100% seguro<\/strong>, por isso recomendamos que voc\u00ea tamb\u00e9m cuide de suas informa\u00e7\u00f5es pessoais ao utilizar a internet.<\/p><h4 data-start=\"2401\" data-end=\"2426\">6. Direitos do Usu\u00e1rio<\/h4><p data-start=\"2428\" data-end=\"2458\">Voc\u00ea pode, a qualquer momento:<\/p><ul data-start=\"2460\" data-end=\"2595\"><li data-start=\"2460\" data-end=\"2503\"><p data-start=\"2462\" data-end=\"2503\">Solicitar acesso aos seus dados pessoais.<\/p><\/li><li data-start=\"2504\" data-end=\"2557\"><p data-start=\"2506\" data-end=\"2557\">Solicitar a corre\u00e7\u00e3o ou atualiza\u00e7\u00e3o de informa\u00e7\u00f5es.<\/p><\/li><li data-start=\"2558\" data-end=\"2595\"><p data-start=\"2560\" data-end=\"2595\">Solicitar a exclus\u00e3o de seus dados.<\/p><\/li><\/ul><p data-start=\"2597\" data-end=\"2673\">Para isso, basta entrar em contato pelo e-mail: <strong data-start=\"2645\" data-end=\"2673\">contato@capeladoalto.com<\/strong><\/p><h4 data-start=\"2675\" data-end=\"2718\">7. Altera\u00e7\u00f5es na Pol\u00edtica de Privacidade<\/h4><p data-start=\"2720\" data-end=\"2858\">Esta Pol\u00edtica de Privacidade pode ser atualizada periodicamente. A data da \u00faltima modifica\u00e7\u00e3o sempre estar\u00e1 indicada no topo desta p\u00e1gina.<\/p><p data-start=\"2860\" data-end=\"2958\">Recomendamos que voc\u00ea consulte esta p\u00e1gina regularmente para estar ciente de eventuais altera\u00e7\u00f5es.<\/p><h4 data-start=\"2960\" data-end=\"2973\">8. Contato<\/h4><p data-start=\"2975\" data-end=\"3091\">Se tiver qualquer d\u00favida sobre esta Pol\u00edtica de Privacidade ou sobre o uso dos seus dados, entre em contato conosco:<\/p><p data-start=\"3093\" data-end=\"3194\"><strong data-start=\"3093\" data-end=\"3104\">E-mail:<\/strong> <a class=\"cursor-pointer\" href=\"mailto:contato@capeladoalto.com\" rel=\"noopener\" data-start=\"3105\" data-end=\"3129\">contato@capeladoalto.com<\/a><br data-start=\"3129\" data-end=\"3132\" \/><strong data-start=\"3132\" data-end=\"3141\">Site:<\/strong> <a class=\"\" href=\"https:\/\/www.capeladoalto.com\" target=\"_new\" rel=\"noopener\" data-start=\"3142\" data-end=\"3194\">www.capeladoalto.com<\/a><\/p><h4 data-start=\"2960\" data-end=\"2973\">9. Aviso sobre as Vagas divulgadas:<\/h4><p data-start=\"2975\" data-end=\"3091\">As vagas de emprego publicadas em nosso site s\u00e3o de responsabilidade exclusiva das empresas contratantes. O <strong data-start=\"282\" data-end=\"302\">capeladoalto.com<\/strong> atua apenas como canal de divulga\u00e7\u00e3o e <strong data-start=\"342\" data-end=\"384\">n\u00e3o possui v\u00ednculo com os empregadores<\/strong>, tampouco participa dos processos seletivos. A sele\u00e7\u00e3o, contrata\u00e7\u00e3o e qualquer etapa do recrutamento s\u00e3o conduzidas diretamente pelas empresas anunciantes.<\/p>\t\t\t\t\t\t\t\t<\/div>\n\t\t\t\t\t<\/div>\n\t\t\t\t<\/div>\n\t\t\t\t<\/div>\n\t\t","protected":false},"excerpt":{"rendered":"<p>Pol\u00edticas de Privacidade \u2013 capeladoalto.com Bem-vindo ao capeladoalto.com, um portal dedicado \u00e0 divulga\u00e7\u00e3o de empreendimentos locais, servi\u00e7os e oportunidades de emprego em Capela do Alto e regi\u00e3o. Ao acessar ou utilizar o nosso site, voc\u00ea concorda com os seguintes Termos de Uso e com esta Pol\u00edtica de Privacidade, incluindo as pr\u00e1ticas descritas de acordo com [&hellip;]<\/p>\n","protected":false},"author":1,"featured_media":0,"parent":0,"menu_order":0,"comment_status":"closed","ping_status":"closed","template":"elementor_header_footer","meta":{"footnotes":""},"class_list":["post-6210","page","type-page","status-publish","hentry"],"_links":{"self":[{"href":"https:\/\/capeladoalto.com\/vagas\/wp-json\/wp\/v2\/pages\/6210","targetHints":{"allow":["GET"]}}],"collection":[{"href":"https:\/\/capeladoalto.com\/vagas\/wp-json\/wp\/v2\/pages"}],"about":[{"href":"https:\/\/capeladoalto.com\/vagas\/wp-json\/wp\/v2\/types\/page"}],"author":[{"embeddable":true,"href":"https:\/\/capeladoalto.com\/vagas\/wp-json\/wp\/v2\/users\/1"}],"replies":[{"embeddable":true,"href":"https:\/\/capeladoalto.com\/vagas\/wp-json\/wp\/v2\/comments?post=6210"}],"version-history":[{"count":4,"href":"https:\/\/capeladoalto.com\/vagas\/wp-json\/wp\/v2\/pages\/6210\/revisions"}],"predecessor-version":[{"id":6215,"href":"https:\/\/capeladoalto.com\/vagas\/wp-json\/wp\/v2\/pages\/6210\/revisions\/6215"}],"wp:attachment":[{"href":"https:\/\/capeladoalto.com\/vagas\/wp-json\/wp\/v2\/media?parent=6210"}],"curies":[{"name":"wp","href":"https:\/\/api.w.org\/{rel}","templated":true}]}}